{"id":288,"date":"2022-01-22T20:01:57","date_gmt":"2022-01-22T19:01:57","guid":{"rendered":"http:\/\/diana-dolce.com\/?page_id=288"},"modified":"2025-04-25T15:53:24","modified_gmt":"2025-04-25T13:53:24","slug":"prix-rfi-instrumental","status":"publish","type":"page","link":"https:\/\/www.diana-dolce.com\/?page_id=288","title":{"rendered":"Prix RFI Instrumental"},"content":{"rendered":"\n<h3 class=\"wp-block-heading\">\u00c9dition 2021<\/h3>\n\n\n\n<p>En juin 2021 j&rsquo;ai eu le plaisir de remporter le 3\u00e8me prix de la 5\u00e8me\u00a0\u00e9dition du Prix RFI Instrumental, qui valorise le savoir-faire des illustrateurs sonores. Pr\u00e8s de cinq cent professionnels ou passionn\u00e9s de montage de musique \u00e0 l\u2019image ont pr\u00e9sent\u00e9 leur candidature \u00e0 cette occasion. Le jury a retenu dix finalistes fran\u00e7ais, canadiens et belges avant de d\u00e9signer les trois laur\u00e9ats, s\u00e9lectionn\u00e9s pour l\u2019\u00e9motion transmise par la musique des vid\u00e9os ainsi que pour leur ma\u00eetrise technique.<\/p>\n\n\n\n<h3 class=\"wp-block-heading\">Le d\u00e9fi \u00e0 relever<\/h3>\n\n\n\n<p>Les candidats \u00e9taient invit\u00e9s \u00e0 monter deux vid\u00e9os compos\u00e9es de sujets d\u2019actualit\u00e9 de France 24 avec les musiques issues de RFI Instrumental (plus de 2 500 musiques originales, du monde entier). Le concours laissait \u00e9galement place \u00e0 la cr\u00e9ation musicale, chaque candidat s\u00e9lectionn\u00e9 pouvant composer lui-m\u00eame une musique de sa cr\u00e9ation pour le montage vid\u00e9o.<\/p>\n\n\n\n<h3 class=\"wp-block-heading\">Ma d\u00e9marche<\/h3>\n\n\n\n<p>Pour \u00ab&nbsp;Orient Sonore&nbsp;\u00bb, j\u2019ai suivi une d\u00e9marche musicologique d\u2019abord. Apr\u00e8s avoir visionn\u00e9 la vid\u00e9o et avoir not\u00e9 les r\u00e9f\u00e9rences musicales qui y apparaissent (via le l\u00e9gendes de l\u2019expo ou les informations donn\u00e9es par le commentaire en voix off), j\u2019ai essay\u00e9 de rep\u00e9rer, dans le catalogue de RFI Instrumental, des styles de musique qui pouvaient se rapprocher des styles ou des auteurs cit\u00e9s. En effet, la musique arabe classique constitue un segment bien particulier de la musique dite \u00ab&nbsp;orientale&nbsp;\u00bb et des pratiques sp\u00e9cifiques \u2013 comme le Taqsim ou le Dhikr \u2013 s\u2019y retrouvent. Ma recherche s\u2019est nourrie de ces \u00e9l\u00e9ments pour cr\u00e9er une illustration sonore coh\u00e9rente de l\u2019expo.<\/p>\n\n\n\n<p>Pour \u00ab&nbsp;Lib\u00e9ration Animale&nbsp;\u00bb, ma d\u00e9marche a \u00e9t\u00e9 diff\u00e9rente. \u00c0 travers la musique, j\u2019ai voulu souligner l\u2019action et renforcer les \u00e9motions \u00e9voqu\u00e9es par la vid\u00e9o. Je me suis servie de deux morceaux du catalogue de RFI Instrumental, que j\u2019ai mont\u00e9s et adapt\u00e9s pour la premi\u00e8re et la derni\u00e8re partie de la vid\u00e9o (projet d\u2019enl\u00e8vement et fuite) ; pour la partie du milieu, dans la porcherie, j\u2019ai utilis\u00e9 une cr\u00e9ation \u00e9lectronique personnelle, inspir\u00e9e des sons&nbsp;pr\u00e9sents dans la vid\u00e9o d\u2019origine. Le bruit de la soufflerie qui entoure les cages des cochons a \u00e9t\u00e9 le point de d\u00e9part pour ma cr\u00e9ation sonore.<\/p>\n\n\n\n<h4 class=\"wp-block-heading\">Ci-dessous, le r\u00e9sultat final de mon illustration sonore\u2026<\/h4>\n\n\n\n<figure class=\"wp-block-embed is-type-video is-provider-vimeo wp-block-embed-vimeo wp-embed-aspect-16-9 wp-has-aspect-ratio\"><div class=\"wp-block-embed__wrapper\">\n<iframe loading=\"lazy\" title=\"RFI_Orient_Sonore_Diana Dolce\" src=\"https:\/\/player.vimeo.com\/video\/564104059?dnt=1&amp;app_id=122963\" width=\"1778\" height=\"1000\" frameborder=\"0\" allow=\"autoplay; fullscreen; picture-in-picture; clipboard-write; encrypted-media\"><\/iframe>\n<\/div><\/figure>\n\n\n\n<figure class=\"wp-block-embed is-type-video is-provider-vimeo wp-block-embed-vimeo wp-embed-aspect-16-9 wp-has-aspect-ratio\"><div class=\"wp-block-embed__wrapper\">\n<iframe loading=\"lazy\" title=\"RFI Liberation Animale Diana Dolce.mov\" src=\"https:\/\/player.vimeo.com\/video\/564105444?dnt=1&amp;app_id=122963\" width=\"1778\" height=\"1000\" frameborder=\"0\" allow=\"autoplay; fullscreen; picture-in-picture; clipboard-write; encrypted-media\"><\/iframe>\n<\/div><\/figure>\n\n\n\n<hr class=\"wp-block-separator has-alpha-channel-opacity\"\/>\n\n\n\n<h4 class=\"wp-block-heading\">Ci apr\u00e8s, les vid\u00e9os originales re\u00e7ues, sans illustration sonore\u2026<\/h4>\n\n\n\n<figure class=\"wp-block-embed is-type-video is-provider-vimeo wp-block-embed-vimeo wp-embed-aspect-16-9 wp-has-aspect-ratio\"><div class=\"wp-block-embed__wrapper\">\n<iframe loading=\"lazy\" title=\"Orient Sonore sans illustration sonore\" src=\"https:\/\/player.vimeo.com\/video\/568390258?dnt=1&amp;app_id=122963\" width=\"1778\" height=\"1000\" frameborder=\"0\" allow=\"autoplay; fullscreen; picture-in-picture; clipboard-write; encrypted-media\"><\/iframe>\n<\/div><\/figure>\n\n\n\n<figure class=\"wp-block-embed is-type-video is-provider-vimeo wp-block-embed-vimeo wp-embed-aspect-16-9 wp-has-aspect-ratio\"><div class=\"wp-block-embed__wrapper\">\n<iframe loading=\"lazy\" title=\"Libe\u0301ration Animale sans illustration sonore\" src=\"https:\/\/player.vimeo.com\/video\/568391772?dnt=1&amp;app_id=122963\" width=\"1778\" height=\"1000\" frameborder=\"0\" allow=\"autoplay; fullscreen; picture-in-picture; clipboard-write; encrypted-media\"><\/iframe>\n<\/div><\/figure>\n","protected":false},"excerpt":{"rendered":"<p>\u00c9dition 2021 En juin 2021 j&rsquo;ai eu le plaisir de remporter le 3\u00e8me prix de la 5\u00e8me\u00a0\u00e9dition du Prix RFI Instrumental, qui valorise le savoir-faire des illustrateurs sonores. Pr\u00e8s de cinq cent professionnels ou passionn\u00e9s de montage de musique \u00e0 l\u2019image ont pr\u00e9sent\u00e9 leur candidature \u00e0 cette occasion. Le jury a retenu dix finalistes fran\u00e7ais, <a href=\"https:\/\/www.diana-dolce.com\/?page_id=288\" class=\"more-link\">&#8230;<span class=\"screen-reader-text\">  Prix RFI Instrumental<\/span><\/a><\/p>\n","protected":false},"author":4,"featured_media":0,"parent":0,"menu_order":0,"comment_status":"closed","ping_status":"closed","template":"","meta":{"inline_featured_image":false,"footnotes":""},"class_list":["post-288","page","type-page","status-publish","hentry"],"_links":{"self":[{"href":"https:\/\/www.diana-dolce.com\/index.php?rest_route=\/wp\/v2\/pages\/288","targetHints":{"allow":["GET"]}}],"collection":[{"href":"https:\/\/www.diana-dolce.com\/index.php?rest_route=\/wp\/v2\/pages"}],"about":[{"href":"https:\/\/www.diana-dolce.com\/index.php?rest_route=\/wp\/v2\/types\/page"}],"author":[{"embeddable":true,"href":"https:\/\/www.diana-dolce.com\/index.php?rest_route=\/wp\/v2\/users\/4"}],"replies":[{"embeddable":true,"href":"https:\/\/www.diana-dolce.com\/index.php?rest_route=%2Fwp%2Fv2%2Fcomments&post=288"}],"version-history":[{"count":3,"href":"https:\/\/www.diana-dolce.com\/index.php?rest_route=\/wp\/v2\/pages\/288\/revisions"}],"predecessor-version":[{"id":619,"href":"https:\/\/www.diana-dolce.com\/index.php?rest_route=\/wp\/v2\/pages\/288\/revisions\/619"}],"wp:attachment":[{"href":"https:\/\/www.diana-dolce.com\/index.php?rest_route=%2Fwp%2Fv2%2Fmedia&parent=288"}],"curies":[{"name":"wp","href":"https:\/\/api.w.org\/{rel}","templated":true}]}}